{"id":1005,"date":"2025-06-11T11:27:24","date_gmt":"2025-06-11T09:27:24","guid":{"rendered":"https:\/\/domsvalzbety.sk\/parish-of-st-elizabeth-in-kosice\/"},"modified":"2025-11-24T19:16:44","modified_gmt":"2025-11-24T18:16:44","slug":"parish-of-st-elizabeth-in-kosice","status":"publish","type":"page","link":"https:\/\/domsvalzbety.sk\/en\/","title":{"rendered":"St. Elizabeth Parish in Ko\u0161ice"},"content":{"rendered":"","protected":false},"excerpt":{"rendered":"","protected":false},"author":1,"featured_media":1004,"parent":0,"menu_order":0,"comment_status":"closed","ping_status":"closed","template":"front-page.php","meta":{"_acf_changed":false},"class_list":["post-1005","page","type-page","status-publish","has-post-thumbnail","hentry"],"acf":[],"yoast_head":"<!-- This site is optimized with the Yoast SEO plugin v26.9 - https:\/\/yoast.com\/product\/yoast-seo-wordpress\/ -->\n<title>St. Elizabeth Parish in Ko\u0161ice - D\u00f3m sv. Al\u017ebety<\/title>\n<meta name=\"description\" content=\"St. Elizabeth&#039;s Cathedral is the largest church in Slovakia and a significant Gothic monument in Central Europe. It stands in the heart of Ko\u0161ice on Main Street and is the cathedral of the Archdiocese of Ko\u0161ice.\" \/>\n<meta name=\"robots\" content=\"index, follow, max-snippet:-1, max-image-preview:large, max-video-preview:-1\" \/>\n<link rel=\"canonical\" href=\"https:\/\/domsvalzbety.sk\/en\/\" \/>\n<meta property=\"og:locale\" content=\"en_US\" \/>\n<meta property=\"og:type\" content=\"article\" \/>\n<meta property=\"og:title\" content=\"St. Elizabeth Parish in Ko\u0161ice - D\u00f3m sv. Al\u017ebety\" \/>\n<meta property=\"og:description\" content=\"St. Elizabeth&#039;s Cathedral is the largest church in Slovakia and a significant Gothic monument in Central Europe. It stands in the heart of Ko\u0161ice on Main Street and is the cathedral of the Archdiocese of Ko\u0161ice.\" \/>\n<meta property=\"og:url\" content=\"https:\/\/domsvalzbety.sk\/en\/\" \/>\n<meta property=\"og:site_name\" content=\"D\u00f3m sv. Al\u017ebety\" \/>\n<meta property=\"article:publisher\" content=\"https:\/\/www.facebook.com\/dom.rimkat.sk\/\" \/>\n<meta property=\"article:modified_time\" content=\"2025-11-24T18:16:44+00:00\" \/>\n<meta property=\"og:image\" content=\"https:\/\/domsvalzbety.sk\/wp-content\/uploads\/2025\/10\/DSA_01-1024x738.webp\" \/>\n<meta name=\"twitter:card\" content=\"summary_large_image\" \/>\n<meta name=\"twitter:label1\" content=\"Est. reading time\" \/>\n\t<meta name=\"twitter:data1\" content=\"3 minutes\" \/>\n<script type=\"application\/ld+json\" class=\"yoast-schema-graph\">{\"@context\":\"https:\/\/schema.org\",\"@graph\":[{\"@type\":\"WebPage\",\"@id\":\"https:\/\/domsvalzbety.sk\/en\/\",\"url\":\"https:\/\/domsvalzbety.sk\/en\/\",\"name\":\"St. Elizabeth Parish in Ko\u0161ice - D\u00f3m sv. Al\u017ebety\",\"isPartOf\":{\"@id\":\"https:\/\/domsvalzbety.sk\/en\/#website\"},\"primaryImageOfPage\":{\"@id\":\"https:\/\/domsvalzbety.sk\/en\/#primaryimage\"},\"image\":{\"@id\":\"https:\/\/domsvalzbety.sk\/en\/#primaryimage\"},\"thumbnailUrl\":\"https:\/\/domsvalzbety.sk\/wp-content\/uploads\/2025\/10\/DSA_01-scaled.webp\",\"datePublished\":\"2025-06-11T09:27:24+00:00\",\"dateModified\":\"2025-11-24T18:16:44+00:00\",\"description\":\"St. Elizabeth's Cathedral is the largest church in Slovakia and a significant Gothic monument in Central Europe. It stands in the heart of Ko\u0161ice on Main Street and is the cathedral of the Archdiocese of Ko\u0161ice.\",\"breadcrumb\":{\"@id\":\"https:\/\/domsvalzbety.sk\/en\/#breadcrumb\"},\"inLanguage\":\"en-US\",\"potentialAction\":[{\"@type\":\"ReadAction\",\"target\":[\"https:\/\/domsvalzbety.sk\/en\/\"]}]},{\"@type\":\"ImageObject\",\"inLanguage\":\"en-US\",\"@id\":\"https:\/\/domsvalzbety.sk\/en\/#primaryimage\",\"url\":\"https:\/\/domsvalzbety.sk\/wp-content\/uploads\/2025\/10\/DSA_01-scaled.webp\",\"contentUrl\":\"https:\/\/domsvalzbety.sk\/wp-content\/uploads\/2025\/10\/DSA_01-scaled.webp\",\"width\":2560,\"height\":1846},{\"@type\":\"BreadcrumbList\",\"@id\":\"https:\/\/domsvalzbety.sk\/en\/#breadcrumb\",\"itemListElement\":[{\"@type\":\"ListItem\",\"position\":1,\"name\":\"Domovsk\u00e1 str\u00e1nka\",\"item\":\"https:\/\/domsvalzbety.sk\/en\/\"},{\"@type\":\"ListItem\",\"position\":2,\"name\":\"St. Elizabeth Parish in Ko\u0161ice\"}]},{\"@type\":\"WebSite\",\"@id\":\"https:\/\/domsvalzbety.sk\/en\/#website\",\"url\":\"https:\/\/domsvalzbety.sk\/en\/\",\"name\":\"D\u00f3m sv. Al\u017ebety\",\"description\":\"\",\"publisher\":{\"@id\":\"https:\/\/domsvalzbety.sk\/en\/#organization\"},\"potentialAction\":[{\"@type\":\"SearchAction\",\"target\":{\"@type\":\"EntryPoint\",\"urlTemplate\":\"https:\/\/domsvalzbety.sk\/en\/?s={search_term_string}\"},\"query-input\":{\"@type\":\"PropertyValueSpecification\",\"valueRequired\":true,\"valueName\":\"search_term_string\"}}],\"inLanguage\":\"en-US\"},{\"@type\":\"Organization\",\"@id\":\"https:\/\/domsvalzbety.sk\/en\/#organization\",\"name\":\"Farnos\u0165 sv. Al\u017ebety\",\"url\":\"https:\/\/domsvalzbety.sk\/en\/\",\"logo\":{\"@type\":\"ImageObject\",\"inLanguage\":\"en-US\",\"@id\":\"https:\/\/domsvalzbety.sk\/en\/#\/schema\/logo\/image\/\",\"url\":\"https:\/\/domsvalzbety.sk\/wp-content\/uploads\/2025\/06\/dom-sv-alzbety-logo-dark.png\",\"contentUrl\":\"https:\/\/domsvalzbety.sk\/wp-content\/uploads\/2025\/06\/dom-sv-alzbety-logo-dark.png\",\"width\":464,\"height\":351,\"caption\":\"Farnos\u0165 sv. Al\u017ebety\"},\"image\":{\"@id\":\"https:\/\/domsvalzbety.sk\/en\/#\/schema\/logo\/image\/\"},\"sameAs\":[\"https:\/\/www.facebook.com\/dom.rimkat.sk\/\"]}]}<\/script>\n<!-- \/ Yoast SEO plugin. -->","yoast_head_json":{"title":"St. Elizabeth Parish in Ko\u0161ice - D\u00f3m sv. Al\u017ebety","description":"St. Elizabeth's Cathedral is the largest church in Slovakia and a significant Gothic monument in Central Europe. It stands in the heart of Ko\u0161ice on Main Street and is the cathedral of the Archdiocese of Ko\u0161ice.","robots":{"index":"index","follow":"follow","max-snippet":"max-snippet:-1","max-image-preview":"max-image-preview:large","max-video-preview":"max-video-preview:-1"},"canonical":"https:\/\/domsvalzbety.sk\/en\/","og_locale":"en_US","og_type":"article","og_title":"St. Elizabeth Parish in Ko\u0161ice - D\u00f3m sv. Al\u017ebety","og_description":"St. Elizabeth's Cathedral is the largest church in Slovakia and a significant Gothic monument in Central Europe. It stands in the heart of Ko\u0161ice on Main Street and is the cathedral of the Archdiocese of Ko\u0161ice.","og_url":"https:\/\/domsvalzbety.sk\/en\/","og_site_name":"D\u00f3m sv. Al\u017ebety","article_publisher":"https:\/\/www.facebook.com\/dom.rimkat.sk\/","article_modified_time":"2025-11-24T18:16:44+00:00","og_image":[{"url":"https:\/\/domsvalzbety.sk\/wp-content\/uploads\/2025\/10\/DSA_01-1024x738.webp","type":"","width":"","height":""}],"twitter_card":"summary_large_image","twitter_misc":{"Est. reading time":"3 minutes"},"schema":{"@context":"https:\/\/schema.org","@graph":[{"@type":"WebPage","@id":"https:\/\/domsvalzbety.sk\/en\/","url":"https:\/\/domsvalzbety.sk\/en\/","name":"St. Elizabeth Parish in Ko\u0161ice - D\u00f3m sv. Al\u017ebety","isPartOf":{"@id":"https:\/\/domsvalzbety.sk\/en\/#website"},"primaryImageOfPage":{"@id":"https:\/\/domsvalzbety.sk\/en\/#primaryimage"},"image":{"@id":"https:\/\/domsvalzbety.sk\/en\/#primaryimage"},"thumbnailUrl":"https:\/\/domsvalzbety.sk\/wp-content\/uploads\/2025\/10\/DSA_01-scaled.webp","datePublished":"2025-06-11T09:27:24+00:00","dateModified":"2025-11-24T18:16:44+00:00","description":"St. Elizabeth's Cathedral is the largest church in Slovakia and a significant Gothic monument in Central Europe. It stands in the heart of Ko\u0161ice on Main Street and is the cathedral of the Archdiocese of Ko\u0161ice.","breadcrumb":{"@id":"https:\/\/domsvalzbety.sk\/en\/#breadcrumb"},"inLanguage":"en-US","potentialAction":[{"@type":"ReadAction","target":["https:\/\/domsvalzbety.sk\/en\/"]}]},{"@type":"ImageObject","inLanguage":"en-US","@id":"https:\/\/domsvalzbety.sk\/en\/#primaryimage","url":"https:\/\/domsvalzbety.sk\/wp-content\/uploads\/2025\/10\/DSA_01-scaled.webp","contentUrl":"https:\/\/domsvalzbety.sk\/wp-content\/uploads\/2025\/10\/DSA_01-scaled.webp","width":2560,"height":1846},{"@type":"BreadcrumbList","@id":"https:\/\/domsvalzbety.sk\/en\/#breadcrumb","itemListElement":[{"@type":"ListItem","position":1,"name":"Domovsk\u00e1 str\u00e1nka","item":"https:\/\/domsvalzbety.sk\/en\/"},{"@type":"ListItem","position":2,"name":"St. Elizabeth Parish in Ko\u0161ice"}]},{"@type":"WebSite","@id":"https:\/\/domsvalzbety.sk\/en\/#website","url":"https:\/\/domsvalzbety.sk\/en\/","name":"D\u00f3m sv. Al\u017ebety","description":"","publisher":{"@id":"https:\/\/domsvalzbety.sk\/en\/#organization"},"potentialAction":[{"@type":"SearchAction","target":{"@type":"EntryPoint","urlTemplate":"https:\/\/domsvalzbety.sk\/en\/?s={search_term_string}"},"query-input":{"@type":"PropertyValueSpecification","valueRequired":true,"valueName":"search_term_string"}}],"inLanguage":"en-US"},{"@type":"Organization","@id":"https:\/\/domsvalzbety.sk\/en\/#organization","name":"Farnos\u0165 sv. Al\u017ebety","url":"https:\/\/domsvalzbety.sk\/en\/","logo":{"@type":"ImageObject","inLanguage":"en-US","@id":"https:\/\/domsvalzbety.sk\/en\/#\/schema\/logo\/image\/","url":"https:\/\/domsvalzbety.sk\/wp-content\/uploads\/2025\/06\/dom-sv-alzbety-logo-dark.png","contentUrl":"https:\/\/domsvalzbety.sk\/wp-content\/uploads\/2025\/06\/dom-sv-alzbety-logo-dark.png","width":464,"height":351,"caption":"Farnos\u0165 sv. Al\u017ebety"},"image":{"@id":"https:\/\/domsvalzbety.sk\/en\/#\/schema\/logo\/image\/"},"sameAs":["https:\/\/www.facebook.com\/dom.rimkat.sk\/"]}]}},"_links":{"self":[{"href":"https:\/\/domsvalzbety.sk\/en\/wp-json\/wp\/v2\/pages\/1005","targetHints":{"allow":["GET"]}}],"collection":[{"href":"https:\/\/domsvalzbety.sk\/en\/wp-json\/wp\/v2\/pages"}],"about":[{"href":"https:\/\/domsvalzbety.sk\/en\/wp-json\/wp\/v2\/types\/page"}],"author":[{"embeddable":true,"href":"https:\/\/domsvalzbety.sk\/en\/wp-json\/wp\/v2\/users\/1"}],"replies":[{"embeddable":true,"href":"https:\/\/domsvalzbety.sk\/en\/wp-json\/wp\/v2\/comments?post=1005"}],"version-history":[{"count":7,"href":"https:\/\/domsvalzbety.sk\/en\/wp-json\/wp\/v2\/pages\/1005\/revisions"}],"predecessor-version":[{"id":1182,"href":"https:\/\/domsvalzbety.sk\/en\/wp-json\/wp\/v2\/pages\/1005\/revisions\/1182"}],"wp:featuredmedia":[{"embeddable":true,"href":"https:\/\/domsvalzbety.sk\/en\/wp-json\/wp\/v2\/media\/1004"}],"wp:attachment":[{"href":"https:\/\/domsvalzbety.sk\/en\/wp-json\/wp\/v2\/media?parent=1005"}],"curies":[{"name":"wp","href":"https:\/\/api.w.org\/{rel}","templated":true}]}}